{"id":615,"date":"2023-02-08T21:13:46","date_gmt":"2023-02-09T00:13:46","guid":{"rendered":"https:\/\/animangeek.com\/?page_id=615"},"modified":"2024-10-22T00:53:15","modified_gmt":"2024-10-22T00:53:15","slug":"about","status":"publish","type":"page","link":"https:\/\/animangeek.com\/ar\/about\/","title":{"rendered":"\u0645\u0646 \u0646\u062d\u0646"},"content":{"rendered":"<div class=\"mx-5 sm:mx-0 prose leading-relaxed text-lg mb-5 text-left wp-paragraph\">\n<p>\u0623\u0646\u064a\u0645\u0627\u0646 \u062c\u064a\u0643 \u0628\u0648\u0627\u0628\u0629 \u0623\u0646\u0634\u0623\u0647\u0627 \u0645\u064f\u062d\u0628\u0651\u0648\u0646 \u0645\u064f\u062e\u0644\u0635\u0648\u0646 \u0644\u0639\u0627\u0644\u0645 \u0627\u0644\u0645\u0647\u0648\u0633\u064a\u0646 \u0648\u0627\u0644\u062b\u0642\u0627\u0641\u0629 \u0627\u0644\u064a\u0627\u0628\u0627\u0646\u064a\u0629\u060c \u062a\u0647\u062f\u0641 \u0625\u0644\u0649 \u062a\u0642\u062f\u064a\u0645 \u0645\u062d\u062a\u0648\u0649 \u0644\u0639\u0634\u0627\u0642 \u0627\u0644\u0623\u0646\u0645\u064a \u0648\u0627\u0644\u0645\u0627\u0646\u063a\u0627 \u0648\u0627\u0644\u0623\u0644\u0639\u0627\u0628 \u0648\u0643\u0644 \u0645\u0627 \u064a\u062a\u0639\u0644\u0642 \u0628\u062b\u0642\u0627\u0641\u0629 \u0627\u0644\u0623\u0648\u062a\u0627\u0643\u0648. \u0628\u0646\u0638\u0631\u0629 \u062b\u0627\u0642\u0628\u0629 \u0648\u062d\u0645\u0627\u0633 \u062d\u0642\u064a\u0642\u064a\u060c \u0646\u0633\u0639\u0649 \u062c\u0627\u0647\u062f\u064a\u0646 \u0644\u062a\u0642\u062f\u064a\u0645 \u0645\u0639\u0644\u0648\u0645\u0627\u062a \u062a\u0639\u0643\u0633 \u0623\u0641\u0636\u0644 \u0645\u0627 \u0641\u064a \u0647\u0630\u0627 \u0627\u0644\u0639\u0627\u0644\u0645 \u0627\u0644\u0631\u0627\u0626\u0639.<\/p>\n<\/div><!--advertisement--><div class=\"mx-5 sm:mx-0 sm:text-3xl text-2xl font-medium title-font mb-4 text-gray-900 text-left\">\n<h3 class=\"wp-block-heading\">\u0645\u0627 \u0646\u0642\u062f\u0645\u0647<\/h3>\n<\/div><div class=\"mx-5 sm:mx-0 prose leading-relaxed text-lg mb-5 text-left wp-paragraph\">\n<p>\u0641\u064a Animan Geek\u060c \u0633\u062a\u062c\u062f\u0648\u0646 \u0622\u062e\u0631 \u0627\u0644\u0623\u062e\u0628\u0627\u0631 \u0639\u0646 \u0623\u0634\u0647\u0631 \u0625\u0635\u062f\u0627\u0631\u0627\u062a \u0627\u0644\u0623\u0646\u0645\u064a \u0648\u0627\u0644\u0645\u0627\u0646\u063a\u0627 \u0648\u0623\u062e\u0628\u0627\u0631 \u0627\u0644\u0623\u0644\u0639\u0627\u0628. \u0643\u0645\u0627 \u0646\u063a\u0637\u064a \u0641\u0639\u0627\u0644\u064a\u0627\u062a \u0627\u0644\u0645\u0647\u0648\u0633\u064a\u0646 \u0648\u0646\u0633\u062a\u0643\u0634\u0641 \u062c\u0648\u0627\u0646\u0628 \u0631\u0627\u0626\u0639\u0629 \u0645\u0646 \u0627\u0644\u062b\u0642\u0627\u0641\u0629 \u0627\u0644\u064a\u0627\u0628\u0627\u0646\u064a\u0629\u060c \u0648\u0646\u0642\u062f\u0645 \u0645\u0642\u0627\u0644\u0627\u062a \u062a\u062a\u0646\u0627\u0648\u0644 \u0645\u0648\u0627\u0636\u064a\u0639 \u0630\u0627\u062a \u0635\u0644\u0629. \u0646\u0644\u062a\u0632\u0645 \u0628\u062a\u062d\u062f\u064a\u062b \u0645\u062d\u062a\u0648\u0627\u0646\u0627 \u0628\u0627\u0633\u062a\u0645\u0631\u0627\u0631\u060c \u0644\u0636\u0645\u0627\u0646 \u0648\u0635\u0648\u0644 \u0627\u0644\u0642\u0631\u0627\u0621 \u0625\u0644\u0649 \u0623\u062d\u062f\u062b \u0627\u0644\u0635\u064a\u062d\u0627\u062a \u0648\u0627\u0644\u0645\u0639\u0644\u0648\u0645\u0627\u062a \u0645\u0646 \u0639\u0627\u0644\u0645 \u0627\u0644\u0645\u0647\u0648\u0633\u064a\u0646.<\/p>\n<\/div><div class=\"mx-5 sm:mx-0 prose leading-relaxed text-lg mb-5 text-left wp-paragraph\">\n<p>\u0625\u0646 \u0627\u0633\u0645 &quot;Animan Geek&quot; \u064a\u062a\u0631\u062c\u0645 \u062c\u0648\u0647\u0631\u0646\u0627 \u062a\u0645\u0627\u0645\u064b\u0627: <em>\u0622\u0646\u064a<\/em> (\u0623\u0646\u064a\u0645\u064a)\u060c <em>\u0631\u062c\u0644<\/em> (\u0645\u0627\u0646\u062c\u0627) \u0648 <em>\u0645\u0647\u0648\u0648\u0633<\/em>\u060c \u0627\u0644\u0631\u0643\u0627\u0626\u0632 \u0627\u0644\u062a\u064a \u062a\u0648\u062c\u0647 \u0645\u062d\u062a\u0648\u0627\u0646\u0627.<\/p>\n<\/div><!--advertisement--><div class=\"mx-5 sm:mx-0 sm:text-3xl text-2xl font-medium title-font mb-4 text-gray-900 text-left\">\n<h3 class=\"wp-block-heading\">\u062a\u0646\u0635\u0644<\/h3>\n<\/div><div class=\"mx-5 sm:mx-0 prose leading-relaxed text-lg mb-5 text-left wp-paragraph\">\n<p>\u0623\u0646\u064a\u0645\u0627\u0646 \u062c\u064a\u0643 \u0645\u0648\u0642\u0639\u064c \u0625\u0639\u0644\u0627\u0645\u064a\u064c\u0651 \u0645\u064f\u062e\u0635\u064e\u0651\u0635\u064c \u0644\u0646\u0634\u0631 \u0627\u0644\u0623\u062e\u0628\u0627\u0631 \u0648\u0627\u0644\u062a\u062d\u0644\u064a\u0644\u0627\u062a \u0648\u0627\u0644\u062d\u0642\u0627\u0626\u0642 \u0627\u0644\u0634\u064a\u0642\u0629 \u062d\u0648\u0644 \u0627\u0644\u0623\u0646\u0645\u064a \u0648\u0627\u0644\u0645\u0627\u0646\u063a\u0627 \u0648\u0627\u0644\u0623\u0644\u0639\u0627\u0628 \u0648\u062b\u0642\u0627\u0641\u0629 \u0627\u0644\u0623\u0648\u062a\u0627\u0643\u0648. \u0644\u0627 \u0646\u0646\u062a\u0645\u064a \u0625\u0644\u0649 \u0623\u064a\u0650\u0651 \u0634\u0631\u0643\u0627\u062a \u0623\u0648 \u0645\u0646\u062a\u062c\u0627\u062a\u064d \u0645\u0630\u0643\u0648\u0631\u0629\u064d \u0623\u0648 \u0645\u064f\u0639\u0644\u064e\u0646\u064d \u0639\u0646\u0647\u0627 \u0639\u0644\u0649 \u0627\u0644\u0645\u0648\u0642\u0639. \u062c\u0645\u064a\u0639 \u0645\u062d\u062a\u0648\u064a\u0627\u062a\u0647 \u0645\u064f\u0646\u062a\u064e\u062c\u0629\u064c \u0628\u0634\u0643\u0644\u064d \u0645\u064f\u0633\u062a\u0642\u0644\u064d\u0651\u060c \u0648\u062a\u0647\u062f\u0641\u064f \u0641\u0642\u0637 \u0625\u0644\u0649 \u0625\u0639\u0644\u0627\u0645 \u0642\u0631\u0627\u0626\u0646\u0627 \u0648\u062a\u0631\u0641\u064a\u0647\u0647\u0645.<\/p>\n<\/div>","protected":false},"excerpt":{"rendered":"<p>\u0623\u0646\u064a\u0645\u0627\u0646 \u062c\u064a\u0643 \u0628\u0648\u0627\u0628\u0629 \u0623\u0646\u0634\u0623\u0647\u0627 \u0645\u064f\u062d\u0628\u0651\u0648\u0646 \u0645\u064f\u062e\u0644\u0635\u0648\u0646 \u0644\u0639\u0627\u0644\u0645 \u0627\u0644\u0645\u0647\u0648\u0633\u064a\u0646 \u0648\u0627\u0644\u062b\u0642\u0627\u0641\u0629 \u0627\u0644\u064a\u0627\u0628\u0627\u0646\u064a\u0629\u060c \u062a\u0647\u062f\u0641 \u0625\u0644\u0649 \u062a\u0642\u062f\u064a\u0645 \u0645\u062d\u062a\u0648\u0649 \u0644\u0639\u0634\u0627\u0642 \u0627\u0644\u0623\u0646\u0645\u064a \u0648\u0627\u0644\u0645\u0627\u0646\u063a\u0627 \u0648\u0627\u0644\u0623\u0644\u0639\u0627\u0628 \u0648\u0643\u0644 \u0645\u0627 \u064a\u062a\u0639\u0644\u0642 \u0628\u062b\u0642\u0627\u0641\u0629 \u0627\u0644\u0623\u0648\u062a\u0627\u0643\u0648. \u0628\u0646\u0638\u0631\u0629 \u062b\u0627\u0642\u0628\u0629 \u0648\u062d\u0645\u0627\u0633 \u062d\u0642\u064a\u0642\u064a\u060c \u0646\u0633\u0639\u0649 \u062c\u0627\u0647\u062f\u064a\u0646 \u0644\u062a\u0642\u062f\u064a\u0645 \u0645\u0639\u0644\u0648\u0645\u0627\u062a \u062a\u064f\u062c\u0633\u0651\u062f \u0623\u0641\u0636\u0644 \u0645\u0627 \u0641\u064a \u0647\u0630\u0627 \u0627\u0644\u0639\u0627\u0644\u0645 \u0627\u0644\u0631\u0627\u0626\u0639. <a class=\"more-link\" href=\"https:\/\/animangeek.com\/ar\/about\/\">\u062a\u0627\u0628\u0639 \u0627\u0644\u0642\u0631\u0627\u0621\u0629 <span class=\"screen-reader-text\">\u0645\u0646 \u0646\u062d\u0646<\/span><\/a><\/p>","protected":false},"author":3,"featured_media":0,"parent":0,"menu_order":0,"comment_status":"closed","ping_status":"open","template":"","meta":{"footnotes":""},"yoast_head":"<!-- This site is optimized with the Yoast SEO plugin v23.3 - https:\/\/yoast.com\/wordpress\/plugins\/seo\/ -->\n<title>Quem Somos - Animan Geek<\/title>\n<meta name=\"robots\" content=\"index, follow, max-snippet:-1, max-image-preview:large, max-video-preview:-1\" \/>\n<link rel=\"canonical\" href=\"https:\/\/animangeek.com\/ar\/about\/\" \/>\n<meta property=\"og:locale\" content=\"ar_AR\" \/>\n<meta property=\"og:type\" content=\"article\" \/>\n<meta property=\"og:title\" content=\"Quem Somos - Animan Geek\" \/>\n<meta property=\"og:description\" content=\"Animan Geek \u00e9 um portal criado por f\u00e3s dedicados do universo geek e da cultura japonesa, com o objetivo de oferecer conte\u00fado para quem \u00e9 apaixonado por animes, mang\u00e1s, jogos e tudo que envolve a cultura otaku. Com um olhar afiado e entusiasmo genu\u00edno, buscamos trazer informa\u00e7\u00f5es que refletem o melhor desse universo incr\u00edvel. O&hellip; Continue reading Quem Somos\" \/>\n<meta property=\"og:url\" content=\"https:\/\/animangeek.com\/ar\/about\/\" \/>\n<meta property=\"og:site_name\" content=\"Animan Geek\" \/>\n<meta property=\"article:modified_time\" content=\"2024-10-22T00:53:15+00:00\" \/>\n<meta name=\"twitter:card\" content=\"summary_large_image\" \/>\n<meta name=\"twitter:label1\" content=\"Est. reading time\" \/>\n\t<meta name=\"twitter:data1\" content=\"\u062f\u0642\u064a\u0642\u0629 \u0648\u0627\u062d\u062f\u0629\" \/>\n<script type=\"application\/ld+json\" class=\"yoast-schema-graph\">{\"@context\":\"https:\/\/schema.org\",\"@graph\":[{\"@type\":\"WebPage\",\"@id\":\"https:\/\/animangeek.com\/about\/\",\"url\":\"https:\/\/animangeek.com\/about\/\",\"name\":\"Quem Somos - Animan Geek\",\"isPartOf\":{\"@id\":\"https:\/\/animangeek.com\/#website\"},\"datePublished\":\"2023-02-09T00:13:46+00:00\",\"dateModified\":\"2024-10-22T00:53:15+00:00\",\"breadcrumb\":{\"@id\":\"https:\/\/animangeek.com\/about\/#breadcrumb\"},\"inLanguage\":\"ar\",\"potentialAction\":[{\"@type\":\"ReadAction\",\"target\":[\"https:\/\/animangeek.com\/about\/\"]}]},{\"@type\":\"BreadcrumbList\",\"@id\":\"https:\/\/animangeek.com\/about\/#breadcrumb\",\"itemListElement\":[{\"@type\":\"ListItem\",\"position\":1,\"name\":\"Home\",\"item\":\"https:\/\/animangeek.com\/\"},{\"@type\":\"ListItem\",\"position\":2,\"name\":\"Quem Somos\"}]},{\"@type\":\"WebSite\",\"@id\":\"https:\/\/animangeek.com\/#website\",\"url\":\"https:\/\/animangeek.com\/\",\"name\":\"Animan Geek\",\"description\":\"\",\"potentialAction\":[{\"@type\":\"SearchAction\",\"target\":{\"@type\":\"EntryPoint\",\"urlTemplate\":\"https:\/\/animangeek.com\/?s={search_term_string}\"},\"query-input\":\"required name=search_term_string\"}],\"inLanguage\":\"ar\"}]}<\/script>\n<!-- \/ Yoast SEO plugin. -->","yoast_head_json":{"title":"Quem Somos - Animan Geek","robots":{"index":"index","follow":"follow","max-snippet":"max-snippet:-1","max-image-preview":"max-image-preview:large","max-video-preview":"max-video-preview:-1"},"canonical":"https:\/\/animangeek.com\/ar\/about\/","og_locale":"ar_AR","og_type":"article","og_title":"Quem Somos - Animan Geek","og_description":"Animan Geek \u00e9 um portal criado por f\u00e3s dedicados do universo geek e da cultura japonesa, com o objetivo de oferecer conte\u00fado para quem \u00e9 apaixonado por animes, mang\u00e1s, jogos e tudo que envolve a cultura otaku. Com um olhar afiado e entusiasmo genu\u00edno, buscamos trazer informa\u00e7\u00f5es que refletem o melhor desse universo incr\u00edvel. O&hellip; Continue reading Quem Somos","og_url":"https:\/\/animangeek.com\/ar\/about\/","og_site_name":"Animan Geek","article_modified_time":"2024-10-22T00:53:15+00:00","twitter_card":"summary_large_image","twitter_misc":{"Est. reading time":"\u062f\u0642\u064a\u0642\u0629 \u0648\u0627\u062d\u062f\u0629"},"schema":{"@context":"https:\/\/schema.org","@graph":[{"@type":"WebPage","@id":"https:\/\/animangeek.com\/about\/","url":"https:\/\/animangeek.com\/about\/","name":"Quem Somos - Animan Geek","isPartOf":{"@id":"https:\/\/animangeek.com\/#website"},"datePublished":"2023-02-09T00:13:46+00:00","dateModified":"2024-10-22T00:53:15+00:00","breadcrumb":{"@id":"https:\/\/animangeek.com\/about\/#breadcrumb"},"inLanguage":"ar","potentialAction":[{"@type":"ReadAction","target":["https:\/\/animangeek.com\/about\/"]}]},{"@type":"BreadcrumbList","@id":"https:\/\/animangeek.com\/about\/#breadcrumb","itemListElement":[{"@type":"ListItem","position":1,"name":"Home","item":"https:\/\/animangeek.com\/"},{"@type":"ListItem","position":2,"name":"Quem Somos"}]},{"@type":"WebSite","@id":"https:\/\/animangeek.com\/#website","url":"https:\/\/animangeek.com\/","name":"Animan Geek","description":"","potentialAction":[{"@type":"SearchAction","target":{"@type":"EntryPoint","urlTemplate":"https:\/\/animangeek.com\/?s={search_term_string}"},"query-input":"required name=search_term_string"}],"inLanguage":"ar"}]}},"_links":{"self":[{"href":"https:\/\/animangeek.com\/ar\/wp-json\/wp\/v2\/pages\/615"}],"collection":[{"href":"https:\/\/animangeek.com\/ar\/wp-json\/wp\/v2\/pages"}],"about":[{"href":"https:\/\/animangeek.com\/ar\/wp-json\/wp\/v2\/types\/page"}],"author":[{"embeddable":true,"href":"https:\/\/animangeek.com\/ar\/wp-json\/wp\/v2\/users\/3"}],"replies":[{"embeddable":true,"href":"https:\/\/animangeek.com\/ar\/wp-json\/wp\/v2\/comments?post=615"}],"version-history":[{"count":1,"href":"https:\/\/animangeek.com\/ar\/wp-json\/wp\/v2\/pages\/615\/revisions"}],"predecessor-version":[{"id":19357,"href":"https:\/\/animangeek.com\/ar\/wp-json\/wp\/v2\/pages\/615\/revisions\/19357"}],"wp:attachment":[{"href":"https:\/\/animangeek.com\/ar\/wp-json\/wp\/v2\/media?parent=615"}],"curies":[{"name":"wp","href":"https:\/\/api.w.org\/{rel}","templated":true}]}}