{"id":615,"date":"2023-02-08T21:13:46","date_gmt":"2023-02-09T00:13:46","guid":{"rendered":"https:\/\/animangeek.com\/?page_id=615"},"modified":"2024-10-22T00:53:15","modified_gmt":"2024-10-22T00:53:15","slug":"about","status":"publish","type":"page","link":"https:\/\/animangeek.com\/de\/about\/","title":{"rendered":"Wer wir sind"},"content":{"rendered":"<div class=\"mx-5 sm:mx-0 prose leading-relaxed text-lg mb-5 text-left wp-paragraph\">\n<p>Animan Geek ist ein Portal, das von engagierten Fans des Geek-Universums und der japanischen Kultur erstellt wurde. Es bietet Inhalte f\u00fcr alle, die sich f\u00fcr Anime, Manga, Spiele und alles rund um die Otaku-Kultur begeistern. Mit scharfem Blick und echter Begeisterung bem\u00fchen wir uns, Ihnen Informationen zu liefern, die das Beste aus diesem unglaublichen Universum widerspiegeln.<\/p>\n<\/div><!--advertisement--><div class=\"mx-5 sm:mx-0 sm:text-3xl text-2xl font-medium title-font mb-4 text-gray-900 text-left\">\n<h3 class=\"wp-block-heading\">Unser Angebot<\/h3>\n<\/div><div class=\"mx-5 sm:mx-0 prose leading-relaxed text-lg mb-5 text-left wp-paragraph\">\n<p>Bei Animan Geek finden Sie aktuelle Nachrichten zu den beliebtesten Anime- und Manga-Neuerscheinungen sowie Gaming-News. Wir berichten au\u00dferdem \u00fcber Geek-Events und erforschen faszinierende Aspekte der japanischen Kultur mit Artikeln zu relevanten Themen. Wir legen Wert auf Aktualit\u00e4t und stellen sicher, dass unsere Leser Zugriff auf die neuesten Trends und Informationen aus der Geek-Welt haben.<\/p>\n<\/div><div class=\"mx-5 sm:mx-0 prose leading-relaxed text-lg mb-5 text-left wp-paragraph\">\n<p>Der Name \u201eAniman Geek\u201c bringt unser Wesen genau zum Ausdruck: <em>Ani<\/em> (Anime), <em>Mann<\/em> (Manga) und <em>Geek<\/em>, S\u00e4ulen, die unsere Inhalte leiten.<\/p>\n<\/div><!--advertisement--><div class=\"mx-5 sm:mx-0 sm:text-3xl text-2xl font-medium title-font mb-4 text-gray-900 text-left\">\n<h3 class=\"wp-block-heading\">Haftungsausschluss<\/h3>\n<\/div><div class=\"mx-5 sm:mx-0 prose leading-relaxed text-lg mb-5 text-left wp-paragraph\">\n<p>Animan Geek ist eine informative Website, die sich dem Austausch von Nachrichten, Analysen und interessanten Fakten \u00fcber Anime, Manga, Spiele und Otaku-Kultur widmet. Wir stehen in keiner Verbindung zu den auf der Website erw\u00e4hnten oder beworbenen Unternehmen oder Produkten. Alle Inhalte werden unabh\u00e4ngig erstellt und dienen ausschlie\u00dflich der Information und Unterhaltung unserer Leser.<\/p>\n<\/div>","protected":false},"excerpt":{"rendered":"<p>Animan Geek ist ein Portal, das von engagierten Fans des Geek-Universums und der japanischen Kultur erstellt wurde. Ziel ist es, Inhalte f\u00fcr alle zu bieten, die sich f\u00fcr Anime, Manga, Spiele und alles rund um die Otaku-Kultur begeistern. Mit scharfem Blick und echter Begeisterung bem\u00fchen wir uns, Ihnen Informationen zu liefern, die das Beste aus diesem unglaublichen Universum widerspiegeln. Die\u2026 <a class=\"more-link\" href=\"https:\/\/animangeek.com\/de\/about\/\">Weiterlesen <span class=\"screen-reader-text\">Wer wir sind<\/span><\/a><\/p>","protected":false},"author":3,"featured_media":0,"parent":0,"menu_order":0,"comment_status":"closed","ping_status":"open","template":"","meta":{"footnotes":""},"yoast_head":"<!-- This site is optimized with the Yoast SEO plugin v23.3 - https:\/\/yoast.com\/wordpress\/plugins\/seo\/ -->\n<title>Quem Somos - Animan Geek<\/title>\n<meta name=\"robots\" content=\"index, follow, max-snippet:-1, max-image-preview:large, max-video-preview:-1\" \/>\n<link rel=\"canonical\" href=\"https:\/\/animangeek.com\/de\/about\/\" \/>\n<meta property=\"og:locale\" content=\"de_DE\" \/>\n<meta property=\"og:type\" content=\"article\" \/>\n<meta property=\"og:title\" content=\"Quem Somos - Animan Geek\" \/>\n<meta property=\"og:description\" content=\"Animan Geek \u00e9 um portal criado por f\u00e3s dedicados do universo geek e da cultura japonesa, com o objetivo de oferecer conte\u00fado para quem \u00e9 apaixonado por animes, mang\u00e1s, jogos e tudo que envolve a cultura otaku. Com um olhar afiado e entusiasmo genu\u00edno, buscamos trazer informa\u00e7\u00f5es que refletem o melhor desse universo incr\u00edvel. O&hellip; Continue reading Quem Somos\" \/>\n<meta property=\"og:url\" content=\"https:\/\/animangeek.com\/de\/about\/\" \/>\n<meta property=\"og:site_name\" content=\"Animan Geek\" \/>\n<meta property=\"article:modified_time\" content=\"2024-10-22T00:53:15+00:00\" \/>\n<meta name=\"twitter:card\" content=\"summary_large_image\" \/>\n<meta name=\"twitter:label1\" content=\"Est. reading time\" \/>\n\t<meta name=\"twitter:data1\" content=\"1 Minute\" \/>\n<script type=\"application\/ld+json\" class=\"yoast-schema-graph\">{\"@context\":\"https:\/\/schema.org\",\"@graph\":[{\"@type\":\"WebPage\",\"@id\":\"https:\/\/animangeek.com\/about\/\",\"url\":\"https:\/\/animangeek.com\/about\/\",\"name\":\"Quem Somos - Animan Geek\",\"isPartOf\":{\"@id\":\"https:\/\/animangeek.com\/#website\"},\"datePublished\":\"2023-02-09T00:13:46+00:00\",\"dateModified\":\"2024-10-22T00:53:15+00:00\",\"breadcrumb\":{\"@id\":\"https:\/\/animangeek.com\/about\/#breadcrumb\"},\"inLanguage\":\"de-DE\",\"potentialAction\":[{\"@type\":\"ReadAction\",\"target\":[\"https:\/\/animangeek.com\/about\/\"]}]},{\"@type\":\"BreadcrumbList\",\"@id\":\"https:\/\/animangeek.com\/about\/#breadcrumb\",\"itemListElement\":[{\"@type\":\"ListItem\",\"position\":1,\"name\":\"Home\",\"item\":\"https:\/\/animangeek.com\/\"},{\"@type\":\"ListItem\",\"position\":2,\"name\":\"Quem Somos\"}]},{\"@type\":\"WebSite\",\"@id\":\"https:\/\/animangeek.com\/#website\",\"url\":\"https:\/\/animangeek.com\/\",\"name\":\"Animan Geek\",\"description\":\"\",\"potentialAction\":[{\"@type\":\"SearchAction\",\"target\":{\"@type\":\"EntryPoint\",\"urlTemplate\":\"https:\/\/animangeek.com\/?s={search_term_string}\"},\"query-input\":\"required name=search_term_string\"}],\"inLanguage\":\"de-DE\"}]}<\/script>\n<!-- \/ Yoast SEO plugin. -->","yoast_head_json":{"title":"Quem Somos - Animan Geek","robots":{"index":"index","follow":"follow","max-snippet":"max-snippet:-1","max-image-preview":"max-image-preview:large","max-video-preview":"max-video-preview:-1"},"canonical":"https:\/\/animangeek.com\/de\/about\/","og_locale":"de_DE","og_type":"article","og_title":"Quem Somos - Animan Geek","og_description":"Animan Geek \u00e9 um portal criado por f\u00e3s dedicados do universo geek e da cultura japonesa, com o objetivo de oferecer conte\u00fado para quem \u00e9 apaixonado por animes, mang\u00e1s, jogos e tudo que envolve a cultura otaku. Com um olhar afiado e entusiasmo genu\u00edno, buscamos trazer informa\u00e7\u00f5es que refletem o melhor desse universo incr\u00edvel. O&hellip; Continue reading Quem Somos","og_url":"https:\/\/animangeek.com\/de\/about\/","og_site_name":"Animan Geek","article_modified_time":"2024-10-22T00:53:15+00:00","twitter_card":"summary_large_image","twitter_misc":{"Est. reading time":"1 Minute"},"schema":{"@context":"https:\/\/schema.org","@graph":[{"@type":"WebPage","@id":"https:\/\/animangeek.com\/about\/","url":"https:\/\/animangeek.com\/about\/","name":"Quem Somos - Animan Geek","isPartOf":{"@id":"https:\/\/animangeek.com\/#website"},"datePublished":"2023-02-09T00:13:46+00:00","dateModified":"2024-10-22T00:53:15+00:00","breadcrumb":{"@id":"https:\/\/animangeek.com\/about\/#breadcrumb"},"inLanguage":"de-DE","potentialAction":[{"@type":"ReadAction","target":["https:\/\/animangeek.com\/about\/"]}]},{"@type":"BreadcrumbList","@id":"https:\/\/animangeek.com\/about\/#breadcrumb","itemListElement":[{"@type":"ListItem","position":1,"name":"Home","item":"https:\/\/animangeek.com\/"},{"@type":"ListItem","position":2,"name":"Quem Somos"}]},{"@type":"WebSite","@id":"https:\/\/animangeek.com\/#website","url":"https:\/\/animangeek.com\/","name":"Animan Geek","description":"","potentialAction":[{"@type":"SearchAction","target":{"@type":"EntryPoint","urlTemplate":"https:\/\/animangeek.com\/?s={search_term_string}"},"query-input":"required name=search_term_string"}],"inLanguage":"de-DE"}]}},"_links":{"self":[{"href":"https:\/\/animangeek.com\/de\/wp-json\/wp\/v2\/pages\/615"}],"collection":[{"href":"https:\/\/animangeek.com\/de\/wp-json\/wp\/v2\/pages"}],"about":[{"href":"https:\/\/animangeek.com\/de\/wp-json\/wp\/v2\/types\/page"}],"author":[{"embeddable":true,"href":"https:\/\/animangeek.com\/de\/wp-json\/wp\/v2\/users\/3"}],"replies":[{"embeddable":true,"href":"https:\/\/animangeek.com\/de\/wp-json\/wp\/v2\/comments?post=615"}],"version-history":[{"count":1,"href":"https:\/\/animangeek.com\/de\/wp-json\/wp\/v2\/pages\/615\/revisions"}],"predecessor-version":[{"id":19357,"href":"https:\/\/animangeek.com\/de\/wp-json\/wp\/v2\/pages\/615\/revisions\/19357"}],"wp:attachment":[{"href":"https:\/\/animangeek.com\/de\/wp-json\/wp\/v2\/media?parent=615"}],"curies":[{"name":"wp","href":"https:\/\/api.w.org\/{rel}","templated":true}]}}