{"id":615,"date":"2023-02-08T21:13:46","date_gmt":"2023-02-09T00:13:46","guid":{"rendered":"https:\/\/animangeek.com\/?page_id=615"},"modified":"2024-10-22T00:53:15","modified_gmt":"2024-10-22T00:53:15","slug":"about","status":"publish","type":"page","link":"https:\/\/animangeek.com\/en_gb\/about\/","title":{"rendered":"Who We Are"},"content":{"rendered":"<div class=\"mx-5 sm:mx-0 prose leading-relaxed text-lg mb-5 text-left wp-paragraph\">\n<p>Animan Geek is a portal created by dedicated fans of the geek universe and Japanese culture, aiming to offer content for those passionate about anime, manga, games, and everything related to otaku culture. With a keen eye and genuine enthusiasm, we strive to bring you information that reflects the best of this incredible universe.<\/p>\n<\/div><!--advertisement--><div class=\"mx-5 sm:mx-0 sm:text-3xl text-2xl font-medium title-font mb-4 text-gray-900 text-left\">\n<h3 class=\"wp-block-heading\">What We Offer<\/h3>\n<\/div><div class=\"mx-5 sm:mx-0 prose leading-relaxed text-lg mb-5 text-left wp-paragraph\">\n<p>At Animan Geek, you&#039;ll find up-to-date news on the most popular anime, manga releases, and gaming news. We also cover geek events and explore fascinating aspects of Japanese culture, offering articles on relevant topics. We&#039;re committed to keeping our content up-to-date, ensuring readers have access to the latest trends and information from the geek world.<\/p>\n<\/div><div class=\"mx-5 sm:mx-0 prose leading-relaxed text-lg mb-5 text-left wp-paragraph\">\n<p>The name \u201cAniman Geek\u201d exactly translates our essence: <em>Ani<\/em> (Anime), <em>Man<\/em> (Manga) and <em>Geek<\/em>, pillars that guide our content.<\/p>\n<\/div><!--advertisement--><div class=\"mx-5 sm:mx-0 sm:text-3xl text-2xl font-medium title-font mb-4 text-gray-900 text-left\">\n<h3 class=\"wp-block-heading\">Disclaimer<\/h3>\n<\/div><div class=\"mx-5 sm:mx-0 prose leading-relaxed text-lg mb-5 text-left wp-paragraph\">\n<p>Animan Geek is an informative website dedicated to sharing news, analysis, and interesting facts about anime, manga, games, and otaku culture. We have no affiliation with any companies or products mentioned or advertised on the site. All content is produced independently and is intended solely to inform and entertain our readers.<\/p>\n<\/div>","protected":false},"excerpt":{"rendered":"<p>Animan Geek is a portal created by dedicated fans of the geek universe and Japanese culture, aiming to offer content for those passionate about anime, manga, games, and everything related to otaku culture. With a keen eye and genuine enthusiasm, we strive to bring you information that reflects the best of this incredible universe. The\u2026 <a class=\"more-link\" href=\"https:\/\/animangeek.com\/en_gb\/about\/\">Continue reading <span class=\"screen-reader-text\">Who We Are<\/span><\/a><\/p>","protected":false},"author":3,"featured_media":0,"parent":0,"menu_order":0,"comment_status":"closed","ping_status":"open","template":"","meta":{"footnotes":""},"yoast_head":"<!-- This site is optimized with the Yoast SEO plugin v23.3 - https:\/\/yoast.com\/wordpress\/plugins\/seo\/ -->\n<title>Quem Somos - Animan Geek<\/title>\n<meta name=\"robots\" content=\"index, follow, max-snippet:-1, max-image-preview:large, max-video-preview:-1\" \/>\n<link rel=\"canonical\" href=\"https:\/\/animangeek.com\/en_gb\/about\/\" \/>\n<meta property=\"og:locale\" content=\"en_GB\" \/>\n<meta property=\"og:type\" content=\"article\" \/>\n<meta property=\"og:title\" content=\"Quem Somos - Animan Geek\" \/>\n<meta property=\"og:description\" content=\"Animan Geek \u00e9 um portal criado por f\u00e3s dedicados do universo geek e da cultura japonesa, com o objetivo de oferecer conte\u00fado para quem \u00e9 apaixonado por animes, mang\u00e1s, jogos e tudo que envolve a cultura otaku. Com um olhar afiado e entusiasmo genu\u00edno, buscamos trazer informa\u00e7\u00f5es que refletem o melhor desse universo incr\u00edvel. O&hellip; Continue reading Quem Somos\" \/>\n<meta property=\"og:url\" content=\"https:\/\/animangeek.com\/en_gb\/about\/\" \/>\n<meta property=\"og:site_name\" content=\"Animan Geek\" \/>\n<meta property=\"article:modified_time\" content=\"2024-10-22T00:53:15+00:00\" \/>\n<meta name=\"twitter:card\" content=\"summary_large_image\" \/>\n<meta name=\"twitter:label1\" content=\"Est. reading time\" \/>\n\t<meta name=\"twitter:data1\" content=\"1 minute\" \/>\n<script type=\"application\/ld+json\" class=\"yoast-schema-graph\">{\"@context\":\"https:\/\/schema.org\",\"@graph\":[{\"@type\":\"WebPage\",\"@id\":\"https:\/\/animangeek.com\/about\/\",\"url\":\"https:\/\/animangeek.com\/about\/\",\"name\":\"Quem Somos - Animan Geek\",\"isPartOf\":{\"@id\":\"https:\/\/animangeek.com\/#website\"},\"datePublished\":\"2023-02-09T00:13:46+00:00\",\"dateModified\":\"2024-10-22T00:53:15+00:00\",\"breadcrumb\":{\"@id\":\"https:\/\/animangeek.com\/about\/#breadcrumb\"},\"inLanguage\":\"en-GB\",\"potentialAction\":[{\"@type\":\"ReadAction\",\"target\":[\"https:\/\/animangeek.com\/about\/\"]}]},{\"@type\":\"BreadcrumbList\",\"@id\":\"https:\/\/animangeek.com\/about\/#breadcrumb\",\"itemListElement\":[{\"@type\":\"ListItem\",\"position\":1,\"name\":\"Home\",\"item\":\"https:\/\/animangeek.com\/\"},{\"@type\":\"ListItem\",\"position\":2,\"name\":\"Quem Somos\"}]},{\"@type\":\"WebSite\",\"@id\":\"https:\/\/animangeek.com\/#website\",\"url\":\"https:\/\/animangeek.com\/\",\"name\":\"Animan Geek\",\"description\":\"\",\"potentialAction\":[{\"@type\":\"SearchAction\",\"target\":{\"@type\":\"EntryPoint\",\"urlTemplate\":\"https:\/\/animangeek.com\/?s={search_term_string}\"},\"query-input\":\"required name=search_term_string\"}],\"inLanguage\":\"en-GB\"}]}<\/script>\n<!-- \/ Yoast SEO plugin. -->","yoast_head_json":{"title":"Quem Somos - Animan Geek","robots":{"index":"index","follow":"follow","max-snippet":"max-snippet:-1","max-image-preview":"max-image-preview:large","max-video-preview":"max-video-preview:-1"},"canonical":"https:\/\/animangeek.com\/en_gb\/about\/","og_locale":"en_GB","og_type":"article","og_title":"Quem Somos - Animan Geek","og_description":"Animan Geek \u00e9 um portal criado por f\u00e3s dedicados do universo geek e da cultura japonesa, com o objetivo de oferecer conte\u00fado para quem \u00e9 apaixonado por animes, mang\u00e1s, jogos e tudo que envolve a cultura otaku. Com um olhar afiado e entusiasmo genu\u00edno, buscamos trazer informa\u00e7\u00f5es que refletem o melhor desse universo incr\u00edvel. O&hellip; Continue reading Quem Somos","og_url":"https:\/\/animangeek.com\/en_gb\/about\/","og_site_name":"Animan Geek","article_modified_time":"2024-10-22T00:53:15+00:00","twitter_card":"summary_large_image","twitter_misc":{"Est. reading time":"1 minute"},"schema":{"@context":"https:\/\/schema.org","@graph":[{"@type":"WebPage","@id":"https:\/\/animangeek.com\/about\/","url":"https:\/\/animangeek.com\/about\/","name":"Quem Somos - Animan Geek","isPartOf":{"@id":"https:\/\/animangeek.com\/#website"},"datePublished":"2023-02-09T00:13:46+00:00","dateModified":"2024-10-22T00:53:15+00:00","breadcrumb":{"@id":"https:\/\/animangeek.com\/about\/#breadcrumb"},"inLanguage":"en-GB","potentialAction":[{"@type":"ReadAction","target":["https:\/\/animangeek.com\/about\/"]}]},{"@type":"BreadcrumbList","@id":"https:\/\/animangeek.com\/about\/#breadcrumb","itemListElement":[{"@type":"ListItem","position":1,"name":"Home","item":"https:\/\/animangeek.com\/"},{"@type":"ListItem","position":2,"name":"Quem Somos"}]},{"@type":"WebSite","@id":"https:\/\/animangeek.com\/#website","url":"https:\/\/animangeek.com\/","name":"Animan Geek","description":"","potentialAction":[{"@type":"SearchAction","target":{"@type":"EntryPoint","urlTemplate":"https:\/\/animangeek.com\/?s={search_term_string}"},"query-input":"required name=search_term_string"}],"inLanguage":"en-GB"}]}},"_links":{"self":[{"href":"https:\/\/animangeek.com\/en_gb\/wp-json\/wp\/v2\/pages\/615"}],"collection":[{"href":"https:\/\/animangeek.com\/en_gb\/wp-json\/wp\/v2\/pages"}],"about":[{"href":"https:\/\/animangeek.com\/en_gb\/wp-json\/wp\/v2\/types\/page"}],"author":[{"embeddable":true,"href":"https:\/\/animangeek.com\/en_gb\/wp-json\/wp\/v2\/users\/3"}],"replies":[{"embeddable":true,"href":"https:\/\/animangeek.com\/en_gb\/wp-json\/wp\/v2\/comments?post=615"}],"version-history":[{"count":1,"href":"https:\/\/animangeek.com\/en_gb\/wp-json\/wp\/v2\/pages\/615\/revisions"}],"predecessor-version":[{"id":19357,"href":"https:\/\/animangeek.com\/en_gb\/wp-json\/wp\/v2\/pages\/615\/revisions\/19357"}],"wp:attachment":[{"href":"https:\/\/animangeek.com\/en_gb\/wp-json\/wp\/v2\/media?parent=615"}],"curies":[{"name":"wp","href":"https:\/\/api.w.org\/{rel}","templated":true}]}}