{"id":638,"date":"2023-02-09T02:10:52","date_gmt":"2023-02-09T05:10:52","guid":{"rendered":"https:\/\/animangeek.com\/?page_id=638"},"modified":"2024-10-22T00:43:16","modified_gmt":"2024-10-22T00:43:16","slug":"contact","status":"publish","type":"page","link":"https:\/\/animangeek.com\/en_gb\/contact\/","title":{"rendered":"Contact"},"content":{"rendered":"<div class=\"mx-5 sm:mx-0 prose leading-relaxed text-lg mb-5 text-left wp-paragraph\">\n<p>Animan Geek is a meeting place for manga, anime, and game enthusiasts from around the world. We&#039;re committed to keeping you up to date with the latest news and events from this fascinating universe. <\/p>\n<\/div><div class=\"mx-5 sm:mx-0 prose leading-relaxed text-lg mb-5 text-left wp-paragraph\">\n<p>Your feedback is crucial to improving the quality and efficiency of Animan Geek. If you have any suggestions for improvements or comments about the user experience, please contact us using the form below!<\/p>\n<\/div><div class=\"wp-block-lazyblock-contact lazyblock-contact-ZGXVvt\"><script type=\"module\"> import { Application, Controller } from \"\/wp-content\/themes\/twentytwentyone\/assets\/js\/stimulus.min.js\"; let Stimulus = Application.start(); Stimulus.register(\"contact\", class extends Controller { static get targets() { return [ \"name\", \"email\", \"message\", \"button\", \"alertMessage\", \"returnMessage\" ]; } getName() { return this.nameTarget.value; } getEmail() { return this.emailTarget.value; } getMessage() { return this.messageTarget.value; } _beforeSend(response) { response.text().then((result) => { result = JSON.parse(result); this.alertMessageTarget.innerHTML = result.alert; }) } btnSubmitDisabled(event) { if (this.getName() != \"\" && this.getEmail() != \"\" && this.getMessage() != \"\") this.buttonTarget.disabled = false; else this.buttonTarget.disabled = true; } submit() { this.buttonTarget.disabled = true; let adminAjax = location.origin + '\/wp-json\/v1\/send_contact_message'; let objectContact = { name: this.getName(), email: this.getEmail(), message: this.getMessage() }; fetch(adminAjax, { method: 'POST', credentials: 'same-origin', headers: {'Content-Type': 'application\/x-www-form-urlencoded; charset=utf-8'}, body: JSON.stringify(objectContact) }).then(response => this._beforeSend(response)); this.nameTarget.value = ''; this.emailTarget.value = ''; this.messageTarget.value = ''; this.buttonTarget.disabled = false; } }) <\/script><section data-controller=\"contact\" class=\"mx-5 sm:mx-0 text-gray-600 body-font relative\">\n    <div class=\"container px-5 mx-auto\">\n      <div class=\"lg:w-1\/2 md:w-2\/3 mx-auto\">\n        <div class=\"flex flex-wrap -m-2\">\n            <div class=\"p-2 w-1\/2\">\n                <div class=\"relative\">\n                    <label for=\"name\" class=\"leading-7 text-sm text-gray-600\">\n                        Name                    <\/label>\n                    <input data-contact-target=\"name\" data-action=\"contact#btnSubmitDisabled\" type=\"text\" id=\"name\" name=\"name\" class=\"w-full bg-gray-100 bg-opacity-50 rounded border border-gray-300 focus:border-indigo-500 focus:bg-white focus:ring-2 focus:ring-indigo-200 text-base outline-none text-gray-700 py-1 px-3 leading-8 transition-colors duration-200 ease-in-out\">\n                <\/div>\n            <\/div>\n            <div class=\"p-2 w-1\/2\">\n                <div class=\"relative\">\n                    <label for=\"email\" class=\"leading-7 text-sm text-gray-600\">\n                        E-mail                    <\/label>\n                    <input data-contact-target=\"email\" data-action=\"contact#btnSubmitDisabled\" type=\"email\" id=\"email\" name=\"email\" class=\"w-full bg-gray-100 bg-opacity-50 rounded border border-gray-300 focus:border-indigo-500 focus:bg-white focus:ring-2 focus:ring-indigo-200 text-base outline-none text-gray-700 py-1 px-3 leading-8 transition-colors duration-200 ease-in-out\">\n                <\/div>\n            <\/div>\n            <div class=\"p-2 w-full\">\n                <div class=\"relative\">\n                    <label for=\"message\" class=\"leading-7 text-sm text-gray-600\">\n                        Message                    <\/label>\n                    <textarea data-contact-target=\"message\" data-action=\"contact#btnSubmitDisabled\" id=\"message\" name=\"message\" class=\"w-full bg-gray-100 bg-opacity-50 rounded border border-gray-300 focus:border-indigo-500 focus:bg-white focus:ring-2 focus:ring-indigo-200 h-32 text-base outline-none text-gray-700 py-1 px-3 resize-none leading-6 transition-colors duration-200 ease-in-out\"><\/textarea>\n                <\/div>\n            <\/div>\n            <div class=\"p-2 w-full\">\n                <button data-contact-target=\"button\" data-action='contact#submit' class=\"flex mx-auto border-0 py-2 px-8 focus:outline-none rounded text-lg disabled:opacity-50\" disabled>\n                    Send                <\/button>\n            <\/div>    \n            <div class=\"p-2 w-full pt-4 mt-4 text-center\" data-contact-target=\"alertMessage\">\n                <div role=\"alert\">\n                    <span class=\"block sm:inline\" data-contact-target=\"returnMessage\"><\/span>\n                <\/div>\n            <\/div>            \n        <\/div>\n      <\/div>\n    <\/div>\n<\/section>\n<\/div>","protected":false},"excerpt":{"rendered":"<p>Animan Geek is a meeting place for manga, anime, and game enthusiasts from around the world. We&#039;re committed to keeping you up to date with the latest news and events from this fascinating universe. Your feedback is crucial to improving the quality and effectiveness of Animan Geek. If you have any suggestions for\u2026 <a class=\"more-link\" href=\"https:\/\/animangeek.com\/en_gb\/contact\/\">Continue reading <span class=\"screen-reader-text\">Contact<\/span><\/a><\/p>","protected":false},"author":3,"featured_media":0,"parent":0,"menu_order":0,"comment_status":"closed","ping_status":"open","template":"","meta":{"footnotes":""},"yoast_head":"<!-- This site is optimized with the Yoast SEO plugin v23.3 - https:\/\/yoast.com\/wordpress\/plugins\/seo\/ -->\n<title>Contato - Animan Geek<\/title>\n<meta name=\"robots\" content=\"index, follow, max-snippet:-1, max-image-preview:large, max-video-preview:-1\" \/>\n<link rel=\"canonical\" href=\"https:\/\/animangeek.com\/en_gb\/contact\/\" \/>\n<meta property=\"og:locale\" content=\"en_GB\" \/>\n<meta property=\"og:type\" content=\"article\" \/>\n<meta property=\"og:title\" content=\"Contato - Animan Geek\" \/>\n<meta property=\"og:description\" content=\"O Animan Geek \u00e9 um ponto de encontro para entusiastas e f\u00e3s de mang\u00e1, anime e jogos de todo o mundo. Nosso compromisso \u00e9 manter voc\u00ea atualizado com as \u00faltimas novidades e eventos deste universo apaixonante. Sua opini\u00e3o \u00e9 fundamental para aprimorarmos a qualidade e a efici\u00eancia do Animan Geek. Se voc\u00ea tiver sugest\u00f5es para&hellip; Continue reading Contato\" \/>\n<meta property=\"og:url\" content=\"https:\/\/animangeek.com\/en_gb\/contact\/\" \/>\n<meta property=\"og:site_name\" content=\"Animan Geek\" \/>\n<meta property=\"article:modified_time\" content=\"2024-10-22T00:43:16+00:00\" \/>\n<meta name=\"twitter:card\" content=\"summary_large_image\" \/>\n<meta name=\"twitter:label1\" content=\"Est. reading time\" \/>\n\t<meta name=\"twitter:data1\" content=\"1 minute\" \/>\n<script type=\"application\/ld+json\" class=\"yoast-schema-graph\">{\"@context\":\"https:\/\/schema.org\",\"@graph\":[{\"@type\":\"WebPage\",\"@id\":\"https:\/\/animangeek.com\/contact\/\",\"url\":\"https:\/\/animangeek.com\/contact\/\",\"name\":\"Contato - Animan Geek\",\"isPartOf\":{\"@id\":\"https:\/\/animangeek.com\/#website\"},\"datePublished\":\"2023-02-09T05:10:52+00:00\",\"dateModified\":\"2024-10-22T00:43:16+00:00\",\"breadcrumb\":{\"@id\":\"https:\/\/animangeek.com\/contact\/#breadcrumb\"},\"inLanguage\":\"en-GB\",\"potentialAction\":[{\"@type\":\"ReadAction\",\"target\":[\"https:\/\/animangeek.com\/contact\/\"]}]},{\"@type\":\"BreadcrumbList\",\"@id\":\"https:\/\/animangeek.com\/contact\/#breadcrumb\",\"itemListElement\":[{\"@type\":\"ListItem\",\"position\":1,\"name\":\"Home\",\"item\":\"https:\/\/animangeek.com\/\"},{\"@type\":\"ListItem\",\"position\":2,\"name\":\"Contato\"}]},{\"@type\":\"WebSite\",\"@id\":\"https:\/\/animangeek.com\/#website\",\"url\":\"https:\/\/animangeek.com\/\",\"name\":\"Animan Geek\",\"description\":\"\",\"potentialAction\":[{\"@type\":\"SearchAction\",\"target\":{\"@type\":\"EntryPoint\",\"urlTemplate\":\"https:\/\/animangeek.com\/?s={search_term_string}\"},\"query-input\":\"required name=search_term_string\"}],\"inLanguage\":\"en-GB\"}]}<\/script>\n<!-- \/ Yoast SEO plugin. -->","yoast_head_json":{"title":"Contato - Animan Geek","robots":{"index":"index","follow":"follow","max-snippet":"max-snippet:-1","max-image-preview":"max-image-preview:large","max-video-preview":"max-video-preview:-1"},"canonical":"https:\/\/animangeek.com\/en_gb\/contact\/","og_locale":"en_GB","og_type":"article","og_title":"Contato - Animan Geek","og_description":"O Animan Geek \u00e9 um ponto de encontro para entusiastas e f\u00e3s de mang\u00e1, anime e jogos de todo o mundo. Nosso compromisso \u00e9 manter voc\u00ea atualizado com as \u00faltimas novidades e eventos deste universo apaixonante. Sua opini\u00e3o \u00e9 fundamental para aprimorarmos a qualidade e a efici\u00eancia do Animan Geek. Se voc\u00ea tiver sugest\u00f5es para&hellip; Continue reading Contato","og_url":"https:\/\/animangeek.com\/en_gb\/contact\/","og_site_name":"Animan Geek","article_modified_time":"2024-10-22T00:43:16+00:00","twitter_card":"summary_large_image","twitter_misc":{"Est. reading time":"1 minute"},"schema":{"@context":"https:\/\/schema.org","@graph":[{"@type":"WebPage","@id":"https:\/\/animangeek.com\/contact\/","url":"https:\/\/animangeek.com\/contact\/","name":"Contato - Animan Geek","isPartOf":{"@id":"https:\/\/animangeek.com\/#website"},"datePublished":"2023-02-09T05:10:52+00:00","dateModified":"2024-10-22T00:43:16+00:00","breadcrumb":{"@id":"https:\/\/animangeek.com\/contact\/#breadcrumb"},"inLanguage":"en-GB","potentialAction":[{"@type":"ReadAction","target":["https:\/\/animangeek.com\/contact\/"]}]},{"@type":"BreadcrumbList","@id":"https:\/\/animangeek.com\/contact\/#breadcrumb","itemListElement":[{"@type":"ListItem","position":1,"name":"Home","item":"https:\/\/animangeek.com\/"},{"@type":"ListItem","position":2,"name":"Contato"}]},{"@type":"WebSite","@id":"https:\/\/animangeek.com\/#website","url":"https:\/\/animangeek.com\/","name":"Animan Geek","description":"","potentialAction":[{"@type":"SearchAction","target":{"@type":"EntryPoint","urlTemplate":"https:\/\/animangeek.com\/?s={search_term_string}"},"query-input":"required name=search_term_string"}],"inLanguage":"en-GB"}]}},"_links":{"self":[{"href":"https:\/\/animangeek.com\/en_gb\/wp-json\/wp\/v2\/pages\/638"}],"collection":[{"href":"https:\/\/animangeek.com\/en_gb\/wp-json\/wp\/v2\/pages"}],"about":[{"href":"https:\/\/animangeek.com\/en_gb\/wp-json\/wp\/v2\/types\/page"}],"author":[{"embeddable":true,"href":"https:\/\/animangeek.com\/en_gb\/wp-json\/wp\/v2\/users\/3"}],"replies":[{"embeddable":true,"href":"https:\/\/animangeek.com\/en_gb\/wp-json\/wp\/v2\/comments?post=638"}],"version-history":[{"count":1,"href":"https:\/\/animangeek.com\/en_gb\/wp-json\/wp\/v2\/pages\/638\/revisions"}],"predecessor-version":[{"id":19355,"href":"https:\/\/animangeek.com\/en_gb\/wp-json\/wp\/v2\/pages\/638\/revisions\/19355"}],"wp:attachment":[{"href":"https:\/\/animangeek.com\/en_gb\/wp-json\/wp\/v2\/media?parent=638"}],"curies":[{"name":"wp","href":"https:\/\/api.w.org\/{rel}","templated":true}]}}