{"id":615,"date":"2023-02-08T21:13:46","date_gmt":"2023-02-09T00:13:46","guid":{"rendered":"https:\/\/animangeek.com\/?page_id=615"},"modified":"2024-10-22T00:53:15","modified_gmt":"2024-10-22T00:53:15","slug":"about","status":"publish","type":"page","link":"https:\/\/animangeek.com\/es_es\/about\/","title":{"rendered":"Quienes somos"},"content":{"rendered":"<div class=\"mx-5 sm:mx-0 prose leading-relaxed text-lg mb-5 text-left wp-paragraph\">\n<p>Animan Geek es un portal creado por fans apasionados del universo geek y la cultura japonesa, con el objetivo de ofrecer contenido para los apasionados del anime, el manga, los videojuegos y todo lo relacionado con la cultura otaku. Con una mirada atenta y un entusiasmo genuino, nos esforzamos por brindarte informaci\u00f3n que refleje lo mejor de este incre\u00edble universo.<\/p>\n<\/div><!--advertisement--><div class=\"mx-5 sm:mx-0 sm:text-3xl text-2xl font-medium title-font mb-4 text-gray-900 text-left\">\n<h3 class=\"wp-block-heading\">Lo que ofrecemos<\/h3>\n<\/div><div class=\"mx-5 sm:mx-0 prose leading-relaxed text-lg mb-5 text-left wp-paragraph\">\n<p>En Animan Geek, encontrar\u00e1s noticias de \u00faltima hora sobre los lanzamientos de anime, manga y videojuegos m\u00e1s populares. Tambi\u00e9n cubrimos eventos geek y exploramos aspectos fascinantes de la cultura japonesa, ofreciendo art\u00edculos sobre temas relevantes. Nos comprometemos a mantener nuestro contenido actualizado, garantizando que nuestros lectores tengan acceso a las \u00faltimas tendencias e informaci\u00f3n del mundo geek.<\/p>\n<\/div><div class=\"mx-5 sm:mx-0 prose leading-relaxed text-lg mb-5 text-left wp-paragraph\">\n<p>El nombre \u201cAniman Geek\u201d traduce exactamente nuestra esencia: <em>Ani<\/em> (Anime), <em>Hombre<\/em> (Manga) y <em>Adicto<\/em>, pilares que gu\u00edan nuestros contenidos.<\/p>\n<\/div><!--advertisement--><div class=\"mx-5 sm:mx-0 sm:text-3xl text-2xl font-medium title-font mb-4 text-gray-900 text-left\">\n<h3 class=\"wp-block-heading\">Descargo de responsabilidad<\/h3>\n<\/div><div class=\"mx-5 sm:mx-0 prose leading-relaxed text-lg mb-5 text-left wp-paragraph\">\n<p>Animan Geek es un sitio web informativo dedicado a compartir noticias, an\u00e1lisis y datos interesantes sobre anime, manga, videojuegos y la cultura otaku. No tenemos ninguna afiliaci\u00f3n con ninguna de las empresas ni productos mencionados o anunciados en el sitio. Todo el contenido se produce de forma independiente y su \u00fanico objetivo es informar y entretener a nuestros lectores.<\/p>\n<\/div>","protected":false},"excerpt":{"rendered":"<p>Animan Geek es un portal creado por fans apasionados del universo geek y la cultura japonesa, con el objetivo de ofrecer contenido para los apasionados del anime, el manga, los videojuegos y todo lo relacionado con la cultura otaku. Con una mirada atenta y un entusiasmo genuino, nos esforzamos por brindarte informaci\u00f3n que refleje lo mejor de este incre\u00edble universo. El\u2026 <a class=\"more-link\" href=\"https:\/\/animangeek.com\/es_es\/about\/\">Sigue leyendo <span class=\"screen-reader-text\">Quienes somos<\/span><\/a><\/p>","protected":false},"author":3,"featured_media":0,"parent":0,"menu_order":0,"comment_status":"closed","ping_status":"open","template":"","meta":{"footnotes":""},"yoast_head":"<!-- This site is optimized with the Yoast SEO plugin v23.3 - https:\/\/yoast.com\/wordpress\/plugins\/seo\/ -->\n<title>Quem Somos - Animan Geek<\/title>\n<meta name=\"robots\" content=\"index, follow, max-snippet:-1, max-image-preview:large, max-video-preview:-1\" \/>\n<link rel=\"canonical\" href=\"https:\/\/animangeek.com\/es_es\/about\/\" \/>\n<meta property=\"og:locale\" content=\"es_ES\" \/>\n<meta property=\"og:type\" content=\"article\" \/>\n<meta property=\"og:title\" content=\"Quem Somos - Animan Geek\" \/>\n<meta property=\"og:description\" content=\"Animan Geek \u00e9 um portal criado por f\u00e3s dedicados do universo geek e da cultura japonesa, com o objetivo de oferecer conte\u00fado para quem \u00e9 apaixonado por animes, mang\u00e1s, jogos e tudo que envolve a cultura otaku. Com um olhar afiado e entusiasmo genu\u00edno, buscamos trazer informa\u00e7\u00f5es que refletem o melhor desse universo incr\u00edvel. O&hellip; Continue reading Quem Somos\" \/>\n<meta property=\"og:url\" content=\"https:\/\/animangeek.com\/es_es\/about\/\" \/>\n<meta property=\"og:site_name\" content=\"Animan Geek\" \/>\n<meta property=\"article:modified_time\" content=\"2024-10-22T00:53:15+00:00\" \/>\n<meta name=\"twitter:card\" content=\"summary_large_image\" \/>\n<meta name=\"twitter:label1\" content=\"Est. reading time\" \/>\n\t<meta name=\"twitter:data1\" content=\"1 minuto\" \/>\n<script type=\"application\/ld+json\" class=\"yoast-schema-graph\">{\"@context\":\"https:\/\/schema.org\",\"@graph\":[{\"@type\":\"WebPage\",\"@id\":\"https:\/\/animangeek.com\/about\/\",\"url\":\"https:\/\/animangeek.com\/about\/\",\"name\":\"Quem Somos - Animan Geek\",\"isPartOf\":{\"@id\":\"https:\/\/animangeek.com\/#website\"},\"datePublished\":\"2023-02-09T00:13:46+00:00\",\"dateModified\":\"2024-10-22T00:53:15+00:00\",\"breadcrumb\":{\"@id\":\"https:\/\/animangeek.com\/about\/#breadcrumb\"},\"inLanguage\":\"es\",\"potentialAction\":[{\"@type\":\"ReadAction\",\"target\":[\"https:\/\/animangeek.com\/about\/\"]}]},{\"@type\":\"BreadcrumbList\",\"@id\":\"https:\/\/animangeek.com\/about\/#breadcrumb\",\"itemListElement\":[{\"@type\":\"ListItem\",\"position\":1,\"name\":\"Home\",\"item\":\"https:\/\/animangeek.com\/\"},{\"@type\":\"ListItem\",\"position\":2,\"name\":\"Quem Somos\"}]},{\"@type\":\"WebSite\",\"@id\":\"https:\/\/animangeek.com\/#website\",\"url\":\"https:\/\/animangeek.com\/\",\"name\":\"Animan Geek\",\"description\":\"\",\"potentialAction\":[{\"@type\":\"SearchAction\",\"target\":{\"@type\":\"EntryPoint\",\"urlTemplate\":\"https:\/\/animangeek.com\/?s={search_term_string}\"},\"query-input\":\"required name=search_term_string\"}],\"inLanguage\":\"es\"}]}<\/script>\n<!-- \/ Yoast SEO plugin. -->","yoast_head_json":{"title":"Quem Somos - Animan Geek","robots":{"index":"index","follow":"follow","max-snippet":"max-snippet:-1","max-image-preview":"max-image-preview:large","max-video-preview":"max-video-preview:-1"},"canonical":"https:\/\/animangeek.com\/es_es\/about\/","og_locale":"es_ES","og_type":"article","og_title":"Quem Somos - Animan Geek","og_description":"Animan Geek \u00e9 um portal criado por f\u00e3s dedicados do universo geek e da cultura japonesa, com o objetivo de oferecer conte\u00fado para quem \u00e9 apaixonado por animes, mang\u00e1s, jogos e tudo que envolve a cultura otaku. Com um olhar afiado e entusiasmo genu\u00edno, buscamos trazer informa\u00e7\u00f5es que refletem o melhor desse universo incr\u00edvel. O&hellip; Continue reading Quem Somos","og_url":"https:\/\/animangeek.com\/es_es\/about\/","og_site_name":"Animan Geek","article_modified_time":"2024-10-22T00:53:15+00:00","twitter_card":"summary_large_image","twitter_misc":{"Est. reading time":"1 minuto"},"schema":{"@context":"https:\/\/schema.org","@graph":[{"@type":"WebPage","@id":"https:\/\/animangeek.com\/about\/","url":"https:\/\/animangeek.com\/about\/","name":"Quem Somos - Animan Geek","isPartOf":{"@id":"https:\/\/animangeek.com\/#website"},"datePublished":"2023-02-09T00:13:46+00:00","dateModified":"2024-10-22T00:53:15+00:00","breadcrumb":{"@id":"https:\/\/animangeek.com\/about\/#breadcrumb"},"inLanguage":"es","potentialAction":[{"@type":"ReadAction","target":["https:\/\/animangeek.com\/about\/"]}]},{"@type":"BreadcrumbList","@id":"https:\/\/animangeek.com\/about\/#breadcrumb","itemListElement":[{"@type":"ListItem","position":1,"name":"Home","item":"https:\/\/animangeek.com\/"},{"@type":"ListItem","position":2,"name":"Quem Somos"}]},{"@type":"WebSite","@id":"https:\/\/animangeek.com\/#website","url":"https:\/\/animangeek.com\/","name":"Animan Geek","description":"","potentialAction":[{"@type":"SearchAction","target":{"@type":"EntryPoint","urlTemplate":"https:\/\/animangeek.com\/?s={search_term_string}"},"query-input":"required name=search_term_string"}],"inLanguage":"es"}]}},"_links":{"self":[{"href":"https:\/\/animangeek.com\/es_es\/wp-json\/wp\/v2\/pages\/615"}],"collection":[{"href":"https:\/\/animangeek.com\/es_es\/wp-json\/wp\/v2\/pages"}],"about":[{"href":"https:\/\/animangeek.com\/es_es\/wp-json\/wp\/v2\/types\/page"}],"author":[{"embeddable":true,"href":"https:\/\/animangeek.com\/es_es\/wp-json\/wp\/v2\/users\/3"}],"replies":[{"embeddable":true,"href":"https:\/\/animangeek.com\/es_es\/wp-json\/wp\/v2\/comments?post=615"}],"version-history":[{"count":1,"href":"https:\/\/animangeek.com\/es_es\/wp-json\/wp\/v2\/pages\/615\/revisions"}],"predecessor-version":[{"id":19357,"href":"https:\/\/animangeek.com\/es_es\/wp-json\/wp\/v2\/pages\/615\/revisions\/19357"}],"wp:attachment":[{"href":"https:\/\/animangeek.com\/es_es\/wp-json\/wp\/v2\/media?parent=615"}],"curies":[{"name":"wp","href":"https:\/\/api.w.org\/{rel}","templated":true}]}}